{"id":891,"date":"2020-03-24T16:47:29","date_gmt":"2020-03-24T15:47:29","guid":{"rendered":"https:\/\/www.lesfruitsdetendus.fr\/livraison\/"},"modified":"2020-07-27T09:59:19","modified_gmt":"2020-07-27T07:59:19","slug":"delivery","status":"publish","type":"page","link":"https:\/\/www.lesfruitsdetendus.fr\/en\/delivery\/","title":{"rendered":"Delivery"},"content":{"rendered":"<h3>Informations importantes<\/h3>\n<p><strong>D\u00fb aux conditions exceptionnelles de travail pendant la dur\u00e9e du confinement, vos colis sont susceptibles d\u2019\u00eatres retard\u00e9s. En effet, notre partenaire de livraison GLS, pour palier \u00e0 la s\u00e9curit\u00e9 de ses employ\u00e9s, \u00e0 r\u00e9duit ses jours de livraison \u00e0 4 jours par semaine.<\/strong><\/p>\n<p><strong>L&#8217;\u00e9volution des conditions sanitaires et des difficult\u00e9s op\u00e9rationnelles dans la r\u00e9gion de Strasbourg oblige GLS \u00e0 devoir suspendre momentan\u00e9ment les collectes de colis \u00e0 destination des d\u00e9partements suivants :<\/strong><\/p>\n<p><strong>D\u00e9partement 57 : codes postaux 57 230, 57 370, 57 410, 57 620, 57 720, 57 820, 57 850, 57 960<\/strong><br \/>\n<strong>D\u00e9partement 68 : codes postaux 68 000, 68 010, 68 020, 6 8030, 68 040, 68 630, 68 980<\/strong><\/p>\n<h3>Frais d\u2019exp\u00e9dition<\/h3>\n<p>Les produits Les Fruits D\u00e9tendus ne peuvent \u00eatre livr\u00e9s uniquement en France M\u00e9tropolitaine. Les frais d\u2019envoi sont de 3,90\u20ac TTC et sont offerts \u00e0 partir de 35\u20ac d\u2019achats.<\/p>\n<h3>Transports<\/h3>\n<p>Les colis exp\u00e9di\u00e9s par le service GLS sont remis sans signature.<\/p>\n<p>Les livraisons sont faites \u00e0 l\u2019adresse indiqu\u00e9e dans le bon de commande qui ne peut \u00eatre que dans la zone g\u00e9ographique convenue, c\u2019est-\u00e0-dire la France m\u00e9tropolitaine. Les Fruits D\u00e9tendus ne peuvent \u00eatre tenu responsable des probl\u00e8mes de livraisons, vols, ou d\u00e9gradation, d\u00e8s lors que les produits ont quitt\u00e9 nos ateliers de production et sont pris en charge par le transporteur.<\/p>\n<p>En cas de dommage pendant le transport, la protestation motiv\u00e9e doit \u00eatre formul\u00e9e aupr\u00e8s du transporteur dans un d\u00e9lai d\u2019un jour \u00e0 compter de la livraison. Les d\u00e9lais de livraison ne sont donn\u00e9s qu\u2019\u00e0 titre indicatif; si ceux-ci d\u00e9passent dix jours \u00e0 compter du jour de livraison pr\u00e9vu, le contrat de vente pourra \u00eatre r\u00e9sili\u00e9 et l\u2019acheteur rembours\u00e9.<\/p>\n<h3>Jour de livraison<\/h3>\n<p>Les commandes pass\u00e9es avant 11h du matin seront exp\u00e9di\u00e9e le jour-m\u00eame (jour ouvrable) ou dans un d\u00e9lai de 24h apr\u00e8s r\u00e9ception de votre paiement. Les d\u00e9lais de livraison annonc\u00e9s par le service de livraison sont de 24 \u00e0 48h (1 \u00e0 2 jours ouvrables) pour la France.<\/p>\n<p>La livraison est effectu\u00e9e par le transporteur \u00e0 l\u2019adresse indiqu\u00e9e par l\u2019acheteur au moment de sa commande. Au cas o\u00f9 l\u2019adresse renseign\u00e9e serait inexacte et occasionnerait un retard ou une non livraison de la commande, ni le transporteur, ni Les Fruits D\u00e9tendus ne pourront \u00eatre tenus pour responsables. L\u2019acheteur doit confirmer avec pr\u00e9cision ses coordonn\u00e9es et adresse exactes avec les d\u00e9tails n\u00e9cessaires, afin de permettre au transporteur d\u2019apporter la commande dans les meilleures conditions et les meilleurs d\u00e9lais.<\/p>\n<p>Les Fruits D\u00e9tendus ne pourra \u00eatre tenue responsable en cas d\u2019impossibilit\u00e9 de livraison due \u00e0 des renseignements erron\u00e9s ou incomplets ou si l\u2019acc\u00e8s aux locaux est impossible au transporteur ou bien si le colis se voit refus\u00e9 par l\u2019acheteur ou la personne mentionn\u00e9e lors de la commande et susceptible de la recevoir.<\/p>\n<p>Les Fruits D\u00e9tendus ne s\u2019engage pas sur le jour, ou les tranches horaires de livraison et l\u2019acheteur ne pourra r\u00e9clamer ni remboursement ni indemnit\u00e9 ni toute autre forme de d\u00e9dommagement.<\/p>\n<p>En cas d\u2019absence lors de la livraison de votre colis par GLS en France, GLS laissera votre colis \u00e0 un voisin en le notifiant dans un avis de passage dans votre bo\u00eete aux lettres. Si le colis ne peut pas \u00eatre remis \u00e0 un voisin, le colis sera achemin\u00e9 au centre de distribution dans l\u2019attente d\u2019autres instructions du destinataire, en vue d\u2019une seconde livraison.<\/p>\n<p>En cas de retard important ou d\u2019arr\u00eat du suivi de livraison, nous vous invitons \u00e0 contacter le service client GLS en vous munissant de votre num\u00e9ro de suivi.<\/p>\n<p>En cas de d\u00e9gradation de votre colis qui pourrait avoir ab\u00eem\u00e9 son contenu, nous vous invitons \u00e0 ne pas accepter le colis au motif de cette d\u00e9gradation. Tout colis accept\u00e9 sera consid\u00e9r\u00e9 comme conforme et ne pourra faire l\u2019objet d\u2019une proc\u00e9dure de retour.<\/p>\n","protected":false},"excerpt":{"rendered":"<p>Informations importantes D\u00fb aux conditions exceptionnelles de travail pendant la dur\u00e9e du confinement, vos colis sont susceptibles d\u2019\u00eatres retard\u00e9s. En effet, notre partenaire de livraison GLS, pour palier \u00e0 la s\u00e9curit\u00e9 de ses employ\u00e9s, \u00e0 r\u00e9duit ses jours de livraison \u00e0 4 jours par semaine. L&#8217;\u00e9volution des conditions sanitaires et des difficult\u00e9s op\u00e9rationnelles dans la [&hellip;]<\/p>\n","protected":false},"author":1,"featured_media":0,"parent":0,"menu_order":0,"comment_status":"closed","ping_status":"closed","template":"","meta":[],"acf":[],"yoast_head":"<!-- This site is optimized with the Yoast SEO plugin v19.8 - https:\/\/yoast.com\/wordpress\/plugins\/seo\/ -->\n<title>Delivery - Les Fruits Detendus<\/title>\n<meta name=\"robots\" content=\"index, follow, max-snippet:-1, max-image-preview:large, max-video-preview:-1\" \/>\n<link rel=\"canonical\" href=\"https:\/\/www.lesfruitsdetendus.fr\/en\/delivery\/\" \/>\n<meta property=\"og:locale\" content=\"en_US\" \/>\n<meta property=\"og:type\" content=\"article\" \/>\n<meta property=\"og:title\" content=\"Delivery - Les Fruits Detendus\" \/>\n<meta property=\"og:description\" content=\"Informations importantes D\u00fb aux conditions exceptionnelles de travail pendant la dur\u00e9e du confinement, vos colis sont susceptibles d\u2019\u00eatres retard\u00e9s. En effet, notre partenaire de livraison GLS, pour palier \u00e0 la s\u00e9curit\u00e9 de ses employ\u00e9s, \u00e0 r\u00e9duit ses jours de livraison \u00e0 4 jours par semaine. L&#8217;\u00e9volution des conditions sanitaires et des difficult\u00e9s op\u00e9rationnelles dans la [&hellip;]\" \/>\n<meta property=\"og:url\" content=\"https:\/\/www.lesfruitsdetendus.fr\/en\/delivery\/\" \/>\n<meta property=\"og:site_name\" content=\"Les Fruits Detendus\" \/>\n<meta property=\"article:publisher\" content=\"https:\/\/www.facebook.com\/lesfruitsdetendus\" \/>\n<meta property=\"article:modified_time\" content=\"2020-07-27T07:59:19+00:00\" \/>\n<meta name=\"twitter:card\" content=\"summary_large_image\" \/>\n<meta name=\"twitter:label1\" content=\"Est. reading time\" \/>\n\t<meta name=\"twitter:data1\" content=\"3 minutes\" \/>\n<script type=\"application\/ld+json\" class=\"yoast-schema-graph\">{\"@context\":\"https:\/\/schema.org\",\"@graph\":[{\"@type\":\"WebPage\",\"@id\":\"https:\/\/www.lesfruitsdetendus.fr\/en\/delivery\/\",\"url\":\"https:\/\/www.lesfruitsdetendus.fr\/en\/delivery\/\",\"name\":\"Delivery - Les Fruits Detendus\",\"isPartOf\":{\"@id\":\"https:\/\/www.lesfruitsdetendus.fr\/en\/#website\"},\"datePublished\":\"2020-03-24T15:47:29+00:00\",\"dateModified\":\"2020-07-27T07:59:19+00:00\",\"breadcrumb\":{\"@id\":\"https:\/\/www.lesfruitsdetendus.fr\/en\/delivery\/#breadcrumb\"},\"inLanguage\":\"en-US\",\"potentialAction\":[{\"@type\":\"ReadAction\",\"target\":[\"https:\/\/www.lesfruitsdetendus.fr\/en\/delivery\/\"]}]},{\"@type\":\"BreadcrumbList\",\"@id\":\"https:\/\/www.lesfruitsdetendus.fr\/en\/delivery\/#breadcrumb\",\"itemListElement\":[{\"@type\":\"ListItem\",\"position\":1,\"name\":\"Accueil\",\"item\":\"https:\/\/www.lesfruitsdetendus.fr\/en\/\"},{\"@type\":\"ListItem\",\"position\":2,\"name\":\"Delivery\"}]},{\"@type\":\"WebSite\",\"@id\":\"https:\/\/www.lesfruitsdetendus.fr\/en\/#website\",\"url\":\"https:\/\/www.lesfruitsdetendus.fr\/en\/\",\"name\":\"Les Fruits Detendus\",\"description\":\"Petit d\u00e9jeuner sain &amp; granola bio\",\"publisher\":{\"@id\":\"https:\/\/www.lesfruitsdetendus.fr\/en\/#organization\"},\"potentialAction\":[{\"@type\":\"SearchAction\",\"target\":{\"@type\":\"EntryPoint\",\"urlTemplate\":\"https:\/\/www.lesfruitsdetendus.fr\/en\/?s={search_term_string}\"},\"query-input\":\"required name=search_term_string\"}],\"inLanguage\":\"en-US\"},{\"@type\":\"Organization\",\"@id\":\"https:\/\/www.lesfruitsdetendus.fr\/en\/#organization\",\"name\":\"Les Fruits D\u00e9tendus\",\"url\":\"https:\/\/www.lesfruitsdetendus.fr\/en\/\",\"sameAs\":[\"https:\/\/www.instagram.com\/lesfruitsdetendus\",\"https:\/\/www.facebook.com\/lesfruitsdetendus\"],\"logo\":{\"@type\":\"ImageObject\",\"inLanguage\":\"en-US\",\"@id\":\"https:\/\/www.lesfruitsdetendus.fr\/en\/#\/schema\/logo\/image\/\",\"url\":\"https:\/\/www.lesfruitsdetendus.fr\/wp-content\/uploads\/2019\/10\/logo.png\",\"contentUrl\":\"https:\/\/www.lesfruitsdetendus.fr\/wp-content\/uploads\/2019\/10\/logo.png\",\"width\":115,\"height\":83,\"caption\":\"Les Fruits D\u00e9tendus\"},\"image\":{\"@id\":\"https:\/\/www.lesfruitsdetendus.fr\/en\/#\/schema\/logo\/image\/\"}}]}<\/script>\n<!-- \/ Yoast SEO plugin. -->","yoast_head_json":{"title":"Delivery - Les Fruits Detendus","robots":{"index":"index","follow":"follow","max-snippet":"max-snippet:-1","max-image-preview":"max-image-preview:large","max-video-preview":"max-video-preview:-1"},"canonical":"https:\/\/www.lesfruitsdetendus.fr\/en\/delivery\/","og_locale":"en_US","og_type":"article","og_title":"Delivery - Les Fruits Detendus","og_description":"Informations importantes D\u00fb aux conditions exceptionnelles de travail pendant la dur\u00e9e du confinement, vos colis sont susceptibles d\u2019\u00eatres retard\u00e9s. En effet, notre partenaire de livraison GLS, pour palier \u00e0 la s\u00e9curit\u00e9 de ses employ\u00e9s, \u00e0 r\u00e9duit ses jours de livraison \u00e0 4 jours par semaine. L&#8217;\u00e9volution des conditions sanitaires et des difficult\u00e9s op\u00e9rationnelles dans la [&hellip;]","og_url":"https:\/\/www.lesfruitsdetendus.fr\/en\/delivery\/","og_site_name":"Les Fruits Detendus","article_publisher":"https:\/\/www.facebook.com\/lesfruitsdetendus","article_modified_time":"2020-07-27T07:59:19+00:00","twitter_card":"summary_large_image","twitter_misc":{"Est. reading time":"3 minutes"},"schema":{"@context":"https:\/\/schema.org","@graph":[{"@type":"WebPage","@id":"https:\/\/www.lesfruitsdetendus.fr\/en\/delivery\/","url":"https:\/\/www.lesfruitsdetendus.fr\/en\/delivery\/","name":"Delivery - Les Fruits Detendus","isPartOf":{"@id":"https:\/\/www.lesfruitsdetendus.fr\/en\/#website"},"datePublished":"2020-03-24T15:47:29+00:00","dateModified":"2020-07-27T07:59:19+00:00","breadcrumb":{"@id":"https:\/\/www.lesfruitsdetendus.fr\/en\/delivery\/#breadcrumb"},"inLanguage":"en-US","potentialAction":[{"@type":"ReadAction","target":["https:\/\/www.lesfruitsdetendus.fr\/en\/delivery\/"]}]},{"@type":"BreadcrumbList","@id":"https:\/\/www.lesfruitsdetendus.fr\/en\/delivery\/#breadcrumb","itemListElement":[{"@type":"ListItem","position":1,"name":"Accueil","item":"https:\/\/www.lesfruitsdetendus.fr\/en\/"},{"@type":"ListItem","position":2,"name":"Delivery"}]},{"@type":"WebSite","@id":"https:\/\/www.lesfruitsdetendus.fr\/en\/#website","url":"https:\/\/www.lesfruitsdetendus.fr\/en\/","name":"Les Fruits Detendus","description":"Petit d\u00e9jeuner sain &amp; granola bio","publisher":{"@id":"https:\/\/www.lesfruitsdetendus.fr\/en\/#organization"},"potentialAction":[{"@type":"SearchAction","target":{"@type":"EntryPoint","urlTemplate":"https:\/\/www.lesfruitsdetendus.fr\/en\/?s={search_term_string}"},"query-input":"required name=search_term_string"}],"inLanguage":"en-US"},{"@type":"Organization","@id":"https:\/\/www.lesfruitsdetendus.fr\/en\/#organization","name":"Les Fruits D\u00e9tendus","url":"https:\/\/www.lesfruitsdetendus.fr\/en\/","sameAs":["https:\/\/www.instagram.com\/lesfruitsdetendus","https:\/\/www.facebook.com\/lesfruitsdetendus"],"logo":{"@type":"ImageObject","inLanguage":"en-US","@id":"https:\/\/www.lesfruitsdetendus.fr\/en\/#\/schema\/logo\/image\/","url":"https:\/\/www.lesfruitsdetendus.fr\/wp-content\/uploads\/2019\/10\/logo.png","contentUrl":"https:\/\/www.lesfruitsdetendus.fr\/wp-content\/uploads\/2019\/10\/logo.png","width":115,"height":83,"caption":"Les Fruits D\u00e9tendus"},"image":{"@id":"https:\/\/www.lesfruitsdetendus.fr\/en\/#\/schema\/logo\/image\/"}}]}},"_links":{"self":[{"href":"https:\/\/www.lesfruitsdetendus.fr\/en\/wp-json\/wp\/v2\/pages\/891"}],"collection":[{"href":"https:\/\/www.lesfruitsdetendus.fr\/en\/wp-json\/wp\/v2\/pages"}],"about":[{"href":"https:\/\/www.lesfruitsdetendus.fr\/en\/wp-json\/wp\/v2\/types\/page"}],"author":[{"embeddable":true,"href":"https:\/\/www.lesfruitsdetendus.fr\/en\/wp-json\/wp\/v2\/users\/1"}],"replies":[{"embeddable":true,"href":"https:\/\/www.lesfruitsdetendus.fr\/en\/wp-json\/wp\/v2\/comments?post=891"}],"version-history":[{"count":1,"href":"https:\/\/www.lesfruitsdetendus.fr\/en\/wp-json\/wp\/v2\/pages\/891\/revisions"}],"predecessor-version":[{"id":3759,"href":"https:\/\/www.lesfruitsdetendus.fr\/en\/wp-json\/wp\/v2\/pages\/891\/revisions\/3759"}],"wp:attachment":[{"href":"https:\/\/www.lesfruitsdetendus.fr\/en\/wp-json\/wp\/v2\/media?parent=891"}],"curies":[{"name":"wp","href":"https:\/\/api.w.org\/{rel}","templated":true}]}}